{"id":569,"date":"2016-09-26T08:47:41","date_gmt":"2016-09-26T08:47:41","guid":{"rendered":"http:\/\/grundschule-ludwig-chronegk.lra-sm.de\/?page_id=569"},"modified":"2026-04-07T07:29:05","modified_gmt":"2026-04-07T07:29:05","slug":"formulare","status":"publish","type":"page","link":"https:\/\/grundschule-ludwig-chronegk.lra-sm.de\/?page_id=569","title":{"rendered":"Formulare"},"content":{"rendered":"<p><strong><a href=\"https:\/\/grundschule-ludwig-chronegk.lra-sm.de\/wp-content\/uploads\/2026\/03\/Schulanmeldung-Sj-27_28-Plakat.docx\">Schulanmeldung Sj 27_28 Plakat<\/a> Formulare<\/strong><\/p>\n<p><em>F\u00fcr das Bearbeiten der Formulare im PDF-Format wird der Adobe Reader in der Version 9 oder h\u00f6her ben\u00f6tigt.<\/em><br \/>\n<em>Sie k\u00f6nnen die Software f\u00fcr Windows z.B. <a title=\"PDF-Reader\" href=\"https:\/\/get.adobe.com\/reader\/\" target=\"_blank\" rel=\"alternate noopener noreferrer\">hier (Webseite von Adobe)<\/a> herunterladen. F\u00fcr die Betriebsysteme wie Linux oder macOS finden sie den PDF-Reader in den jeweiligen App Stores. Auf mobilen Betriebssystemen (Android oder iOS) lassen sich nicht alle hier aufgef\u00fchrten Formulare \u00f6ffnen. <\/em><span style=\"color: #ff0000;\">Wichtig (<\/span><strong>Antrag auf Beurlaubung<\/strong><span style=\"color: #ff0000;\">): Diese Datei kann nur mit einem <\/span>PDF Reader<span style=\"color: #ff0000;\"> (siehe oben) ge\u00f6ffnet werden! <strong>Daf\u00fcr laden Sie die Datei bitte herunter!<\/strong><em> In einem Browser (Internet Explorer, Chrome, Firefox, usw.) funktioniert das \u00d6ffnen und Bearbeiten nicht!<\/em><br \/>\n<\/span><\/p>\n<p>Sie finden bestimmte Formulare auch auf der <strong>Schulamtsseite von S\u00fcd-Th\u00fcringen<\/strong>. <em>(Immer rechts oben Ordner mit Pfeil anklicken, wenn sich die Seite nicht \u00f6ffnet!Dort wird die Datei heruntergeladen\/gespeichert.)<\/em><\/p>\n<p><em><span style=\"color: #0000ff;\">Bitte hier klicken:<\/span><\/em><\/p>\n<p><a href=\"https:\/\/grundschule-ludwig-chronegk.lra-sm.de\/wp-content\/uploads\/2020\/03\/Beitrittserkl\u00c3\u00a4rung.pdf\" target=\"_blank\" rel=\"noopener noreferrer\" download=\"Beitrittserklaerung-Foerderverein\">Beitrittserkl\u00e4rung-F\u00f6rderverein<\/a><\/p>\n<p><a href=\"https:\/\/grundschule-ludwig-chronegk.lra-sm.de\/wp-content\/uploads\/2021\/06\/Antrag-gastweiser-Besuch.pdf\">Antrag gastweiser Besuch<\/a><\/p>\n<p><a href=\"https:\/\/grundschule-ludwig-chronegk.lra-sm.de\/wp-content\/uploads\/2021\/06\/Antrag-auf-Beurlaubung.pdf\">Antrag auf Beurlaubung<\/a><\/p>\n<p><a href=\"https:\/\/grundschule-ludwig-chronegk.lra-sm.de\/wp-content\/uploads\/2026\/01\/Bescheinigung-Auftreten-von-Kopflaeusen.doc\"><strong>Bescheinigung &#8211;<\/strong> Auftreten<strong> von Kopfl\u00e4usen<\/strong><\/a><\/p>\n<p><a href=\"https:\/\/grundschule-ludwig-chronegk.lra-sm.de\/wp-content\/uploads\/2026\/01\/Merkblatt-Kopflaeuse.pdf\">Merkblatt Kopfl\u00e4use<\/a><\/p>\n<p>&nbsp;<\/p>\n<h4><span style=\"color: #0000ff;\">Formulare f\u00fcr Neuaufnahme 2027\/2028<\/span><\/h4>\n<p><a href=\"https:\/\/grundschule-ludwig-chronegk.lra-sm.de\/wp-content\/uploads\/2026\/03\/SchuelerdatenErfassungsbogen-Sj-26_27-Chronegk.pdf\">Sch\u00fclerdaten-Erfassungsbogen SJ 27\/28<\/a><\/p>\n<p><a href=\"https:\/\/grundschule-ludwig-chronegk.lra-sm.de\/wp-content\/uploads\/2026\/03\/Merkblatt-zur-Erhebung-von-personen-bezogenen-Daten_Schulbesuch.pdf\">Merkblatt personenbezogene Daten<\/a><\/p>\n<p><a href=\"https:\/\/grundschule-ludwig-chronegk.lra-sm.de\/wp-content\/uploads\/2026\/03\/Erfassungsbogen-Religion-Ethikunterricht.pdf\">Erfassungsbogen Religion Ethikunterricht<\/a><\/p>\n<p><a href=\"https:\/\/grundschule-ludwig-chronegk.lra-sm.de\/wp-content\/uploads\/2023\/03\/4.-Erklaerg.-gemeins.-elterl.-Sorge_Vollmacht.docx.pdf\">Erkl\u00e4rg. gemeins. elterl. Sorge_Vollmacht.docx<\/a><\/p>\n<h4><\/h4>\n<h4><span style=\"color: #0000ff;\">Formulare f\u00fcr Neuaufnahme 2026\/2027:<\/span><\/h4>\n<p>&nbsp;<\/p>\n<p><a href=\"https:\/\/grundschule-ludwig-chronegk.lra-sm.de\/wp-content\/uploads\/2025\/03\/1.-SchuelerdatenErfassungsbogen_Neuaufnahme_GS_ab06_18-3.pdf\">1. SchuelerdatenErfassungsbogen_Neuaufnahme_GS_ab06_18 (3)<\/a><\/p>\n<p><a href=\"https:\/\/grundschule-ludwig-chronegk.lra-sm.de\/wp-content\/uploads\/2024\/04\/2.-Formular-Anmeldung-Zweitwunsch-GS.pdf\">2. Formular &#8211; Anmeldung Zweitwunsch GS<\/a><\/p>\n<p><a href=\"https:\/\/grundschule-ludwig-chronegk.lra-sm.de\/wp-content\/uploads\/2022\/03\/3.-Informationspflicht_Art._13_DSGVO-Muster_Schulen_ohne_Kenntnisnahmeerklaerung.docx\">3. Informationspflicht_Art._13_DSGVO-Muster_Schulen_ohne_Kenntnisnahmeerklaerung<\/a><\/p>\n<p><a href=\"https:\/\/grundschule-ludwig-chronegk.lra-sm.de\/wp-content\/uploads\/2023\/03\/4.-Erklaerg.-gemeins.-elterl.-Sorge_Vollmacht.docx.pdf\">4. Erkl\u00e4rg. gemeins. elterl. Sorge_Vollmacht.docx<\/a><\/p>\n<p><a href=\"https:\/\/grundschule-ludwig-chronegk.lra-sm.de\/wp-content\/uploads\/2023\/02\/6..nichtdeutscher-Herkunft-Erfassungsbogen_Neuaufnahme_GS_DAZ_ab11-18-1.pdf\">5. nichtdeutscher Herkunft-Erfassungsbogen_Neuaufnahme_GS_DAZ_ab11-18<\/a><\/p>\n<p>&nbsp;<\/p>\n<p><span style=\"color: #3366ff;\">Hort\u00a0<\/span><\/p>\n<p><a href=\"https:\/\/grundschule-ludwig-chronegk.lra-sm.de\/wp-content\/uploads\/2025\/04\/Informationsschreiben-zum-Hortantrag-2526.pdf\">Informationsschreiben zum Hortantrag 20252026<\/a><\/p>\n<p><a href=\"https:\/\/grundschule-ludwig-chronegk.lra-sm.de\/wp-content\/uploads\/2025\/04\/Hortantrag-202526.pdf\">Hortantrag 20252026<\/a><\/p>\n<p><a href=\"https:\/\/grundschule-ludwig-chronegk.lra-sm.de\/wp-content\/uploads\/2025\/04\/Erklaerungsbogen-202526.pdf\">Erkl\u00e4rungsbogen 20252026<\/a><\/p>\n<p><a href=\"https:\/\/grundschule-ludwig-chronegk.lra-sm.de\/wp-content\/uploads\/2025\/09\/Erfassung-der-Betreuungszeiten-20252026.pdf\">Erfassung der Betreuungszeiten 2025\/2026<\/a><\/p>\n<p>&nbsp;<\/p>\n","protected":false},"excerpt":{"rendered":"<p>Schulanmeldung Sj 27_28 Plakat Formulare F\u00fcr das Bearbeiten der Formulare im PDF-Format wird der Adobe Reader in der Version 9 oder h\u00f6her ben\u00f6tigt. Sie k\u00f6nnen die Software f\u00fcr Windows z.B. hier (Webseite von Adobe) herunterladen. F\u00fcr die Betriebsysteme wie Linux oder macOS finden sie den PDF-Reader in den jeweiligen App Stores. Auf mobilen Betriebssystemen (Android &hellip; <\/p>\n<p><a class=\"more-link btn\" href=\"https:\/\/grundschule-ludwig-chronegk.lra-sm.de\/?page_id=569\">Weiterlesen<\/a><\/p>\n","protected":false},"author":8,"featured_media":0,"parent":424,"menu_order":1,"comment_status":"closed","ping_status":"closed","template":"","meta":{"footnotes":"","_links_to":"","_links_to_target":""},"_links":{"self":[{"href":"https:\/\/grundschule-ludwig-chronegk.lra-sm.de\/index.php?rest_route=\/wp\/v2\/pages\/569"}],"collection":[{"href":"https:\/\/grundschule-ludwig-chronegk.lra-sm.de\/index.php?rest_route=\/wp\/v2\/pages"}],"about":[{"href":"https:\/\/grundschule-ludwig-chronegk.lra-sm.de\/index.php?rest_route=\/wp\/v2\/types\/page"}],"author":[{"embeddable":true,"href":"https:\/\/grundschule-ludwig-chronegk.lra-sm.de\/index.php?rest_route=\/wp\/v2\/users\/8"}],"replies":[{"embeddable":true,"href":"https:\/\/grundschule-ludwig-chronegk.lra-sm.de\/index.php?rest_route=%2Fwp%2Fv2%2Fcomments&post=569"}],"version-history":[{"count":70,"href":"https:\/\/grundschule-ludwig-chronegk.lra-sm.de\/index.php?rest_route=\/wp\/v2\/pages\/569\/revisions"}],"predecessor-version":[{"id":5679,"href":"https:\/\/grundschule-ludwig-chronegk.lra-sm.de\/index.php?rest_route=\/wp\/v2\/pages\/569\/revisions\/5679"}],"up":[{"embeddable":true,"href":"https:\/\/grundschule-ludwig-chronegk.lra-sm.de\/index.php?rest_route=\/wp\/v2\/pages\/424"}],"wp:attachment":[{"href":"https:\/\/grundschule-ludwig-chronegk.lra-sm.de\/index.php?rest_route=%2Fwp%2Fv2%2Fmedia&parent=569"}],"curies":[{"name":"wp","href":"https:\/\/api.w.org\/{rel}","templated":true}]}}