{"id":554,"date":"2016-09-26T08:21:49","date_gmt":"2016-09-26T08:21:49","guid":{"rendered":"http:\/\/grundschule-ludwig-chronegk.lra-sm.de\/?page_id=554"},"modified":"2023-08-16T15:52:31","modified_gmt":"2023-08-16T15:52:31","slug":"hort","status":"publish","type":"page","link":"https:\/\/grundschule-ludwig-chronegk.lra-sm.de\/?page_id=554","title":{"rendered":"Hort"},"content":{"rendered":"<p><strong><u>P\u00e4dagogische Hortkonzeption\u00a0\u00a0\u00a0\u00a0\u00a0\u00a0\u00a0\u00a0\u00a0 <\/u><u>Schuljahr 2023\/2024<\/u><\/strong><\/p>\n<ol>\n<li><strong><u> Aufgabe des Hortes<\/u><\/strong><\/li>\n<\/ol>\n<p>Aufgabe unseres Hortes ist es, die Kinder au\u00dferhalb des Unterrichtes zu betreuen und ihre Pers\u00f6nlichkeit ganzheitlich zu f\u00f6rdern. Unser Hort ist Spiel-, Arbeits- und Lernraum. Er gibt Orientierungshilfen bei der Bew\u00e4ltigung von aktuellen Lebensfragen, vermittelt Normen und Werte im t\u00e4glichen Zusammenleben der Kinder, gibt Halt und setzt Grenzen. Ausgehend von den individuellen Entwicklungsvoraussetzungen werden Neigungen und Begabungen gef\u00f6rdert. Wichtiges Anliegen der Hortarbeit ist es, die Kinder an sinnvolle Freizeitbesch\u00e4ftigungen heranzuf\u00fchren und ihnen Wege zu zeigen, wie sie Probleme in ihrem Zusammenleben friedfertig l\u00f6sen k\u00f6nnen.Die Kinder sollen nicht durch \u00fcbertriebene F\u00fcrsorge in ihrer Entwicklung eingeengt und behindert werden, sondern lernen sich in ihrer Gemeinschaft und Gruppe angemessen zu verhalten, eigene Entscheidungen zu f\u00e4llen und dazu zu stehen.<\/p>\n<ol start=\"2\">\n<li><strong><u> R\u00e4umliche und personelle Bedingungen im Schulhort<\/u><\/strong><\/li>\n<\/ol>\n<ul>\n<li>Die Hortbetreuung am Nachmittag findet in Klassenr\u00e4umen statt.<\/li>\n<li>F\u00fcr die Mittagsversorgung steht der Speisesaal im Erdgeschoss der Schule zur Verf\u00fcgung.<\/li>\n<li>Au\u00dferhalb der Unterrichtszeiten wird f\u00fcr sportliche Aktivit\u00e4ten im Hort \u00a0die Turnhalle genutzt.<\/li>\n<li>Schuljahr 2023\/2024 Anzahl der Hortkinder: 260<\/li>\n<\/ul>\n<p>Folgende Erzieherinnen sind am Nachmittag f\u00fcr die Hortarbeit im Schuljahr 2023\/24 verantwortlich:<\/p>\n<table>\n<tbody>\n<tr>\n<td width=\"168\"><strong>Klassenstufe 1<\/strong><\/td>\n<td width=\"168\"><strong>Klassenstufe 2<\/strong><\/td>\n<td width=\"168\"><strong>Klassenstufe 3<\/strong><\/td>\n<td width=\"168\"><strong>Klassenstufe 4<\/strong><\/td>\n<\/tr>\n<tr>\n<td width=\"168\">Kl. 1a Fr. Seifert<\/td>\n<td width=\"168\">Kl. 2a Fr. Kirsch<\/td>\n<td width=\"168\">Kl. 3a Fr. B\u00f6hm<\/td>\n<td width=\"168\">Kl. 4a ist aufgeteilt auf Kl. 3b, 3c, 4b, 4c<\/td>\n<\/tr>\n<tr>\n<td width=\"168\">Kl. 1b Fr. Sauer-<\/p>\n<p>Greifelt<\/td>\n<td width=\"168\">Kl. 2b Fr. M\u00f6ller<\/td>\n<td width=\"168\">Kl. 3b Fr. Kalb<\/td>\n<td width=\"168\">Kl. 4b Fr. Schmidt<\/p>\n<p>(Fr. D\u00f6ller)<\/td>\n<\/tr>\n<tr>\n<td width=\"168\">Kl. 1c Fr. Steiner<\/td>\n<td width=\"168\">Kl. 2c Fr. Keller<\/td>\n<td width=\"168\">Kl. 3c Fr. Popp<\/td>\n<td width=\"168\">Kl. 4c Fr. Walther<\/td>\n<\/tr>\n<\/tbody>\n<\/table>\n<p><strong><u>3. Unser Tagesablauf im Hort<\/u><\/strong><\/p>\n<ul>\n<li>6.00 -7.30 Uhr Fr\u00fchhortbetreuung im Klassenraum der Kl. 4c\/ R103<\/li>\n<li>\u00a0Unterrichtsschluss\/ \u00dcbernahme der Hortgruppe durch den Erzieher<\/li>\n<li>\u00a0org. Gespr\u00e4ch f\u00fcr den Tagesablauf\/\u00a0 hygienische Ma\u00dfnahmen<\/li>\n<li>Mittagessen<\/li>\n<li>\u00a0Spiel-\u00a0 und Bewegungspause im Freien<\/li>\n<li>\u00a0Hausaufgabenzeit<\/li>\n<li>Vesper<\/li>\n<li>Freizeitangebote\/ Besch\u00e4ftigungs- und Spielzeit<\/li>\n<li>ab 15.30 Uhr Zusammenlegung der Hortgruppen\/ Sp\u00e4tdienst bis 17.00 Uhr<\/li>\n<\/ul>\n<p><strong><u>4. P\u00e4dagogische Ziele<\/u><\/strong><\/p>\n<p>Ein wichtiges p\u00e4dagogisches Ziel ist die F\u00f6rderung der Selbstst\u00e4ndigkeit und die \u00dcbertragung von angemessener Verantwortung bei der Erf\u00fcllung von Aufgaben im Schulalltag. Wir wollen, dass sich die Kinder selbst bejahen und ein gesundes Selbstwertgef\u00fchl entwickeln. Wichtig ist auch, dass die Kinder lernen Misserfolge und Entt\u00e4uschungen zu ertragen und sich damit auseinandersetzen. Gerade in der Schule und in der Auseinandersetzung mit Gleichaltrigen\u00a0 und \u00e4lteren Kindern im Hort, treten solche Situationen auf. Wir sind bestrebt, alle Kinder in die Hortgemeinschaft zu integrieren und daraus eine enge Gemeinschaft zu formen, damit sich jedes Kind wohl- und angenommen f\u00fchlt. Die Geborgenheit der Kinder in der Gruppe im Schulhort bedeutet f\u00fcr die Eltern auch ein Sicherheitsgef\u00fchl, beruhigt ihrer Arbeit nachgehen zu k\u00f6nnen. Wir bieten vielf\u00e4ltige Freizeitbesch\u00e4ftigungen an, um Neigungen, Interessen und pers\u00f6nliche F\u00e4higkeiten der Kinder zu entwickeln und herauszufinden. Die aktuellen Besch\u00e4ftigungsangebote sind an die Jahreszeiten angepasst. Wir sind bewegungsaktiv, alle Kinder erholen sich bei Sport und Spiel im Freien und werden so ihrem Bewegungsdrang gerecht.Sportliche Aktivit\u00e4ten (Spiele u. Bewegungsformen zum Toben) sind ein fester Bestandteil im Tagesablauf. Ziel des Angebots ist die psychisch u. k\u00f6rperliche gesunde Entwicklung der Kinder.Au\u00dferdem gibt es k\u00fcnstlerische, \u00a0sprachliche und naturwissenschaftliche Angebote. Grundlage daf\u00fcr ist die Arbeit nach dem Th\u00fcringer Bildungsplan.<\/p>\n<p><strong><u>5. Hausaufgabenbetreuung im Hort<\/u><\/strong><\/p>\n<p>Hausaufgabenbetreuung ist ein wichtiger Bestandteil unserer Hortarbeit. Die Hausaufgaben dienen der Vertiefung des in der Schule gelernten Unterrichtsstoffes. F\u00fcr das Kind und die Lehrkraft ist es die Kontrolle, ob die Unterrichtsinhalte verstanden wurden, oder ob noch Defizite bestehen. Der Erzieher steht dem Kind als Ansprechpartner zur Verf\u00fcgung und gibt Hilfestellung \u2013 aber keine Nachhilfe. <strong>Das Kind soll selbst verantwortlich seine Hausaufgaben erledigen. Der Erzieher ist f\u00fcr die vollst\u00e4ndige Hausaufgabenerledigung, aber nicht f\u00fcr die Richtigkeit verantwortlich. Berichtigungen von Lernzielkontrollen, \u00a0Niederschriften und Arbeiten mit Nachschlagewerken werden zu Hause erledigt.<\/strong> Der Erzieher m\u00f6chte nicht das Bild der eigenst\u00e4ndigen Leistungsf\u00e4higkeit des Kindes verf\u00e4lschen, treten verst\u00e4rkt Lernprobleme auf, wird dies den Eltern durch das Hausaufgabenheft mitgeteilt und die Hausaufgaben m\u00fcssen zu Hause \u00fcberarbeitet werden. Die Grundverantwortung f\u00fcr die Hausaufgaben, das t\u00e4glichen Nachfragen, die Ordnung im Schulranzen, liegt bei den Eltern. Wir gehen davon aus, dass die Eltern regelm\u00e4\u00dfig in die Schul- und Hausaufgabenhefte Einsicht nehmen.<\/p>\n<ol start=\"6\">\n<li><strong><u> Zusammenarbeit mit den Eltern<\/u><\/strong><\/li>\n<\/ol>\n<p>Wir pflegen einen engen Kontakt mit der Elternvertretung und dem Elternhaus jedes Kindes.Sofern es unsere personelle Situation zul\u00e4sst , planen wir gemeinsame H\u00f6hepunkte mit den Kindern im Schulhort. \u00dcber geplante Vorhaben wird aktuell die Elternvertretung informiert.<\/p>\n","protected":false},"excerpt":{"rendered":"<p>P\u00e4dagogische Hortkonzeption\u00a0\u00a0\u00a0\u00a0\u00a0\u00a0\u00a0\u00a0\u00a0 Schuljahr 2023\/2024 Aufgabe des Hortes Aufgabe unseres Hortes ist es, die Kinder au\u00dferhalb des Unterrichtes zu betreuen und ihre Pers\u00f6nlichkeit ganzheitlich zu f\u00f6rdern. Unser Hort ist Spiel-, Arbeits- und Lernraum. Er gibt Orientierungshilfen bei der Bew\u00e4ltigung von aktuellen Lebensfragen, vermittelt Normen und Werte im t\u00e4glichen Zusammenleben der Kinder, gibt Halt und setzt Grenzen. &hellip; <\/p>\n<p><a class=\"more-link btn\" href=\"https:\/\/grundschule-ludwig-chronegk.lra-sm.de\/?page_id=554\">Weiterlesen<\/a><\/p>\n","protected":false},"author":8,"featured_media":0,"parent":401,"menu_order":6,"comment_status":"closed","ping_status":"closed","template":"","meta":{"footnotes":"","_links_to":"","_links_to_target":""},"_links":{"self":[{"href":"https:\/\/grundschule-ludwig-chronegk.lra-sm.de\/index.php?rest_route=\/wp\/v2\/pages\/554"}],"collection":[{"href":"https:\/\/grundschule-ludwig-chronegk.lra-sm.de\/index.php?rest_route=\/wp\/v2\/pages"}],"about":[{"href":"https:\/\/grundschule-ludwig-chronegk.lra-sm.de\/index.php?rest_route=\/wp\/v2\/types\/page"}],"author":[{"embeddable":true,"href":"https:\/\/grundschule-ludwig-chronegk.lra-sm.de\/index.php?rest_route=\/wp\/v2\/users\/8"}],"replies":[{"embeddable":true,"href":"https:\/\/grundschule-ludwig-chronegk.lra-sm.de\/index.php?rest_route=%2Fwp%2Fv2%2Fcomments&post=554"}],"version-history":[{"count":7,"href":"https:\/\/grundschule-ludwig-chronegk.lra-sm.de\/index.php?rest_route=\/wp\/v2\/pages\/554\/revisions"}],"predecessor-version":[{"id":4626,"href":"https:\/\/grundschule-ludwig-chronegk.lra-sm.de\/index.php?rest_route=\/wp\/v2\/pages\/554\/revisions\/4626"}],"up":[{"embeddable":true,"href":"https:\/\/grundschule-ludwig-chronegk.lra-sm.de\/index.php?rest_route=\/wp\/v2\/pages\/401"}],"wp:attachment":[{"href":"https:\/\/grundschule-ludwig-chronegk.lra-sm.de\/index.php?rest_route=%2Fwp%2Fv2%2Fmedia&parent=554"}],"curies":[{"name":"wp","href":"https:\/\/api.w.org\/{rel}","templated":true}]}}