{"id":547,"date":"2016-09-26T08:14:22","date_gmt":"2016-09-26T08:14:22","guid":{"rendered":"http:\/\/grundschule-ludwig-chronegk.lra-sm.de\/?page_id=547"},"modified":"2023-08-16T17:21:49","modified_gmt":"2023-08-16T17:21:49","slug":"ziele-der-schule","status":"publish","type":"page","link":"https:\/\/grundschule-ludwig-chronegk.lra-sm.de\/?page_id=547","title":{"rendered":"Ziele der Schule"},"content":{"rendered":"<p><strong>Hauptziele im Schuljahr 2023\/24<\/strong><\/p>\n<p><strong>\u00a0<\/strong><\/p>\n<p><strong>Hauptziel : \u201eBewegungsfreundlich Lernen\u201c<\/strong><\/p>\n<p><strong>Inhalte :<\/strong><\/p>\n<p>&#8211;\u00a0 Bewusstmachen der Notwendigkeit der Bewegung \u2013 nur wer sich regelm\u00e4\u00dfig aktiv bewegt, kann besser lernen und f\u00fchlt sich k\u00f6rperlich ges\u00fcnder<\/p>\n<p>&#8211;\u00a0 Bewegungsm\u00f6glichkeiten aufzeigen, in allen Bereichen des Schulalltages und in unterschiedlichen Formen<\/p>\n<p>&#8211;\u00a0 nat\u00fcrlichen Bewegungsdrang der Kinder wecken, f\u00f6rdern und Bewegung zum Bed\u00fcrfnis werden lassen<\/p>\n<p>&#8211;\u00a0 Nutzung des Sportunterrichtes, F\u00f6rdersport<\/p>\n<p>&#8211;\u00a0 Einbeziehung aller Unterrichtsf\u00e4cher, Hort,\u00a0Pausengestaltung<\/p>\n<p>&#8211;\u00a0 Bewegungsr\u00e4ume im Freien und im Haus ver\u00e4ndern<\/p>\n<p>&#8211;\u00a0 Fortbildung des gesamten Kollegiums<\/p>\n<p>&#8211;\u00a0 Einbeziehung der Eltern<\/p>\n<p>&#8211;\u00a0 Zusammenarbeit mit Vereinen<\/p>\n<p>&#8211;\u00a0 Intensivierung und Weiterentwicklung des Schulprogramms<\/p>\n<p>&#8211;\u00a0 Weiterf\u00fchrung des Leitbildes<\/p>\n<p>&#8211;\u00a0 Umsetzung des Schulprogramms durch Arbeitsgruppen<\/p>\n<p>&#8211;\u00a0 Arbeit in Schulprojekten<\/p>\n<p>&#8211;\u00a0 enge Zusammenarbeit mit Eltern und \u00f6ffentlichen Tr\u00e4gern<\/p>\n<p>&#8211;\u00a0 Umsetzung der Konzepte und Vervollkommnung<\/p>\n","protected":false},"excerpt":{"rendered":"<p>Hauptziele im Schuljahr 2023\/24 \u00a0 Hauptziel : \u201eBewegungsfreundlich Lernen\u201c Inhalte : &#8211;\u00a0 Bewusstmachen der Notwendigkeit der Bewegung \u2013 nur wer sich regelm\u00e4\u00dfig aktiv bewegt, kann besser lernen und f\u00fchlt sich k\u00f6rperlich ges\u00fcnder &#8211;\u00a0 Bewegungsm\u00f6glichkeiten aufzeigen, in allen Bereichen des Schulalltages und in unterschiedlichen Formen &#8211;\u00a0 nat\u00fcrlichen Bewegungsdrang der Kinder wecken, f\u00f6rdern und Bewegung zum Bed\u00fcrfnis &hellip; <\/p>\n<p><a class=\"more-link btn\" href=\"https:\/\/grundschule-ludwig-chronegk.lra-sm.de\/?page_id=547\">Weiterlesen<\/a><\/p>\n","protected":false},"author":8,"featured_media":0,"parent":401,"menu_order":2,"comment_status":"closed","ping_status":"closed","template":"","meta":{"footnotes":"","_links_to":"","_links_to_target":""},"_links":{"self":[{"href":"https:\/\/grundschule-ludwig-chronegk.lra-sm.de\/index.php?rest_route=\/wp\/v2\/pages\/547"}],"collection":[{"href":"https:\/\/grundschule-ludwig-chronegk.lra-sm.de\/index.php?rest_route=\/wp\/v2\/pages"}],"about":[{"href":"https:\/\/grundschule-ludwig-chronegk.lra-sm.de\/index.php?rest_route=\/wp\/v2\/types\/page"}],"author":[{"embeddable":true,"href":"https:\/\/grundschule-ludwig-chronegk.lra-sm.de\/index.php?rest_route=\/wp\/v2\/users\/8"}],"replies":[{"embeddable":true,"href":"https:\/\/grundschule-ludwig-chronegk.lra-sm.de\/index.php?rest_route=%2Fwp%2Fv2%2Fcomments&post=547"}],"version-history":[{"count":2,"href":"https:\/\/grundschule-ludwig-chronegk.lra-sm.de\/index.php?rest_route=\/wp\/v2\/pages\/547\/revisions"}],"predecessor-version":[{"id":4650,"href":"https:\/\/grundschule-ludwig-chronegk.lra-sm.de\/index.php?rest_route=\/wp\/v2\/pages\/547\/revisions\/4650"}],"up":[{"embeddable":true,"href":"https:\/\/grundschule-ludwig-chronegk.lra-sm.de\/index.php?rest_route=\/wp\/v2\/pages\/401"}],"wp:attachment":[{"href":"https:\/\/grundschule-ludwig-chronegk.lra-sm.de\/index.php?rest_route=%2Fwp%2Fv2%2Fmedia&parent=547"}],"curies":[{"name":"wp","href":"https:\/\/api.w.org\/{rel}","templated":true}]}}