{"id":543,"date":"2016-09-26T08:12:39","date_gmt":"2016-09-26T08:12:39","guid":{"rendered":"http:\/\/grundschule-ludwig-chronegk.lra-sm.de\/?page_id=543"},"modified":"2023-08-16T17:20:19","modified_gmt":"2023-08-16T17:20:19","slug":"leitsaetze","status":"publish","type":"page","link":"https:\/\/grundschule-ludwig-chronegk.lra-sm.de\/?page_id=543","title":{"rendered":"Leits\u00e4tze"},"content":{"rendered":"<h1 style=\"text-align: center;\"><strong>Die Sonne bringt Leben &#8211; unseren Kindern die Zukunft&#8220;<\/strong><\/h1>\n<h2 style=\"text-align: center;\"><span style=\"text-decoration: underline;\"><strong>Die Leits\u00e4tze der Grundschule<\/strong><\/span><\/h2>\n<p>&nbsp;<\/p>\n<table>\n<tbody>\n<tr>\n<td><img loading=\"lazy\" decoding=\"async\" class=\"alignnone size-full wp-image-2641\" src=\"https:\/\/grundschule-ludwig-chronegk.lra-sm.de\/wp-content\/uploads\/2018\/11\/pfeil.gif\" alt=\"\" width=\"75\" height=\"75\" srcset=\"https:\/\/grundschule-ludwig-chronegk.lra-sm.de\/wp-content\/uploads\/2018\/11\/pfeil.gif 75w, https:\/\/grundschule-ludwig-chronegk.lra-sm.de\/wp-content\/uploads\/2018\/11\/pfeil-45x45.gif 45w\" sizes=\"(max-width: 75px) 100vw, 75px\" \/><\/td>\n<td><strong>Kinder, Lehrer, Erzieher und Eltern sind wie Sonnenstrahlen. Sie gehen von einem gemeinsamen Ziel aus.<\/strong><\/td>\n<\/tr>\n<tr>\n<td><img loading=\"lazy\" decoding=\"async\" class=\"alignnone size-full wp-image-2641\" src=\"https:\/\/grundschule-ludwig-chronegk.lra-sm.de\/wp-content\/uploads\/2018\/11\/pfeil.gif\" alt=\"\" width=\"75\" height=\"75\" srcset=\"https:\/\/grundschule-ludwig-chronegk.lra-sm.de\/wp-content\/uploads\/2018\/11\/pfeil.gif 75w, https:\/\/grundschule-ludwig-chronegk.lra-sm.de\/wp-content\/uploads\/2018\/11\/pfeil-45x45.gif 45w\" sizes=\"(max-width: 75px) 100vw, 75px\" \/><\/td>\n<td><strong>Interessantes Lernen hei\u00dft f\u00fcr uns: Mit allen Sinnen im Unterricht und au\u00dferhalb des Unterrichts zu arbeiten, dabei in allen Lernbereichen die Kreativit\u00e4t der Kinder zu entwickeln. Alle P\u00e4dagogen arbeiten eng zusammen.<\/strong><\/td>\n<\/tr>\n<tr>\n<td><strong><img loading=\"lazy\" decoding=\"async\" class=\"alignnone size-full wp-image-2641\" src=\"https:\/\/grundschule-ludwig-chronegk.lra-sm.de\/wp-content\/uploads\/2018\/11\/pfeil.gif\" alt=\"\" width=\"75\" height=\"75\" srcset=\"https:\/\/grundschule-ludwig-chronegk.lra-sm.de\/wp-content\/uploads\/2018\/11\/pfeil.gif 75w, https:\/\/grundschule-ludwig-chronegk.lra-sm.de\/wp-content\/uploads\/2018\/11\/pfeil-45x45.gif 45w\" sizes=\"(max-width: 75px) 100vw, 75px\" \/><\/strong><\/td>\n<td><strong>Konzentriertes Lernen bedeutet, dass die Kinder mit verschiedensten Lerntechniken vertraut gemacht werden, um in die Lage versetzt zu werden, die f\u00fcr sie effektivsten Methoden zu nutzen.<\/strong><\/td>\n<\/tr>\n<tr>\n<td><img loading=\"lazy\" decoding=\"async\" class=\"alignnone size-full wp-image-2641\" src=\"https:\/\/grundschule-ludwig-chronegk.lra-sm.de\/wp-content\/uploads\/2018\/11\/pfeil.gif\" alt=\"\" width=\"75\" height=\"75\" srcset=\"https:\/\/grundschule-ludwig-chronegk.lra-sm.de\/wp-content\/uploads\/2018\/11\/pfeil.gif 75w, https:\/\/grundschule-ludwig-chronegk.lra-sm.de\/wp-content\/uploads\/2018\/11\/pfeil-45x45.gif 45w\" sizes=\"(max-width: 75px) 100vw, 75px\" \/><\/td>\n<td><strong>Unsere Schule ist ein Ort f\u00fcr gemeinsames Leben und Lernen gepr\u00e4gt von Toleranz, Akzeptanz und Integration.<\/strong><\/td>\n<\/tr>\n<tr>\n<td><img loading=\"lazy\" decoding=\"async\" class=\"alignnone size-full wp-image-2641\" src=\"https:\/\/grundschule-ludwig-chronegk.lra-sm.de\/wp-content\/uploads\/2018\/11\/pfeil.gif\" alt=\"\" width=\"75\" height=\"75\" srcset=\"https:\/\/grundschule-ludwig-chronegk.lra-sm.de\/wp-content\/uploads\/2018\/11\/pfeil.gif 75w, https:\/\/grundschule-ludwig-chronegk.lra-sm.de\/wp-content\/uploads\/2018\/11\/pfeil-45x45.gif 45w\" sizes=\"(max-width: 75px) 100vw, 75px\" \/><\/td>\n<td><strong>Wir f\u00f6rdern ein gutes Schulklima durch die Pflege von Traditionen im kulturellen, sozialen und sportlichen Bereich.<\/strong><\/td>\n<\/tr>\n<tr>\n<td><img loading=\"lazy\" decoding=\"async\" class=\"alignnone size-full wp-image-2641\" src=\"https:\/\/grundschule-ludwig-chronegk.lra-sm.de\/wp-content\/uploads\/2018\/11\/pfeil.gif\" alt=\"\" width=\"75\" height=\"75\" srcset=\"https:\/\/grundschule-ludwig-chronegk.lra-sm.de\/wp-content\/uploads\/2018\/11\/pfeil.gif 75w, https:\/\/grundschule-ludwig-chronegk.lra-sm.de\/wp-content\/uploads\/2018\/11\/pfeil-45x45.gif 45w\" sizes=\"(max-width: 75px) 100vw, 75px\" \/><\/td>\n<td><strong>Wir \u00f6ffnen unsere Schule nach au\u00dfen, in dem wir Eltern, \u00f6ffentliche Einrichtungen und andere Erziehungstr\u00e4ger in die t\u00e4gliche Arbeit mit den Kindern einbeziehen.<\/strong><\/td>\n<\/tr>\n<tr>\n<td><img loading=\"lazy\" decoding=\"async\" class=\"alignnone size-full wp-image-2641\" src=\"https:\/\/grundschule-ludwig-chronegk.lra-sm.de\/wp-content\/uploads\/2018\/11\/pfeil.gif\" alt=\"\" width=\"75\" height=\"75\" srcset=\"https:\/\/grundschule-ludwig-chronegk.lra-sm.de\/wp-content\/uploads\/2018\/11\/pfeil.gif 75w, https:\/\/grundschule-ludwig-chronegk.lra-sm.de\/wp-content\/uploads\/2018\/11\/pfeil-45x45.gif 45w\" sizes=\"(max-width: 75px) 100vw, 75px\" \/><\/td>\n<td><strong>Fester Bestandteil unseres Schullebens ist der Hort. Er gew\u00e4hrleistet an unserer Schule eine qualitativ hochwertige Ganztagsbetreuung.<\/strong><\/td>\n<\/tr>\n<tr>\n<td><img loading=\"lazy\" decoding=\"async\" class=\"alignnone size-full wp-image-2641\" src=\"https:\/\/grundschule-ludwig-chronegk.lra-sm.de\/wp-content\/uploads\/2018\/11\/pfeil.gif\" alt=\"\" width=\"75\" height=\"75\" srcset=\"https:\/\/grundschule-ludwig-chronegk.lra-sm.de\/wp-content\/uploads\/2018\/11\/pfeil.gif 75w, https:\/\/grundschule-ludwig-chronegk.lra-sm.de\/wp-content\/uploads\/2018\/11\/pfeil-45x45.gif 45w\" sizes=\"(max-width: 75px) 100vw, 75px\" \/><\/td>\n<td><strong>St\u00e4ndige Weiterbildungen, das Kennenlernen und Nutzen von neuen Lehr- und Lernmethoden, sind f\u00fcr uns wichtig, um den Unterricht zeitgem\u00e4\u00df und kindgerecht zu gestalten.<\/strong><\/td>\n<\/tr>\n<tr>\n<td><img loading=\"lazy\" decoding=\"async\" class=\"alignnone size-full wp-image-2641\" src=\"https:\/\/grundschule-ludwig-chronegk.lra-sm.de\/wp-content\/uploads\/2018\/11\/pfeil.gif\" alt=\"\" width=\"75\" height=\"75\" srcset=\"https:\/\/grundschule-ludwig-chronegk.lra-sm.de\/wp-content\/uploads\/2018\/11\/pfeil.gif 75w, https:\/\/grundschule-ludwig-chronegk.lra-sm.de\/wp-content\/uploads\/2018\/11\/pfeil-45x45.gif 45w\" sizes=\"(max-width: 75px) 100vw, 75px\" \/><\/td>\n<td><strong>Unsere Lern- und Arbeitsatmosph\u00e4re ist gepr\u00e4gt von kollegialem Umgang und Teamgeist.<\/strong><\/td>\n<\/tr>\n<\/tbody>\n<\/table>\n","protected":false},"excerpt":{"rendered":"<p>Die Sonne bringt Leben &#8211; unseren Kindern die Zukunft&#8220; Die Leits\u00e4tze der Grundschule &nbsp; Kinder, Lehrer, Erzieher und Eltern sind wie Sonnenstrahlen. Sie gehen von einem gemeinsamen Ziel aus. Interessantes Lernen hei\u00dft f\u00fcr uns: Mit allen Sinnen im Unterricht und au\u00dferhalb des Unterrichts zu arbeiten, dabei in allen Lernbereichen die Kreativit\u00e4t der Kinder zu entwickeln. &hellip; <\/p>\n<p><a class=\"more-link btn\" href=\"https:\/\/grundschule-ludwig-chronegk.lra-sm.de\/?page_id=543\">Weiterlesen<\/a><\/p>\n","protected":false},"author":8,"featured_media":0,"parent":401,"menu_order":1,"comment_status":"closed","ping_status":"closed","template":"","meta":{"footnotes":"","_links_to":"","_links_to_target":""},"_links":{"self":[{"href":"https:\/\/grundschule-ludwig-chronegk.lra-sm.de\/index.php?rest_route=\/wp\/v2\/pages\/543"}],"collection":[{"href":"https:\/\/grundschule-ludwig-chronegk.lra-sm.de\/index.php?rest_route=\/wp\/v2\/pages"}],"about":[{"href":"https:\/\/grundschule-ludwig-chronegk.lra-sm.de\/index.php?rest_route=\/wp\/v2\/types\/page"}],"author":[{"embeddable":true,"href":"https:\/\/grundschule-ludwig-chronegk.lra-sm.de\/index.php?rest_route=\/wp\/v2\/users\/8"}],"replies":[{"embeddable":true,"href":"https:\/\/grundschule-ludwig-chronegk.lra-sm.de\/index.php?rest_route=%2Fwp%2Fv2%2Fcomments&post=543"}],"version-history":[{"count":1,"href":"https:\/\/grundschule-ludwig-chronegk.lra-sm.de\/index.php?rest_route=\/wp\/v2\/pages\/543\/revisions"}],"predecessor-version":[{"id":4649,"href":"https:\/\/grundschule-ludwig-chronegk.lra-sm.de\/index.php?rest_route=\/wp\/v2\/pages\/543\/revisions\/4649"}],"up":[{"embeddable":true,"href":"https:\/\/grundschule-ludwig-chronegk.lra-sm.de\/index.php?rest_route=\/wp\/v2\/pages\/401"}],"wp:attachment":[{"href":"https:\/\/grundschule-ludwig-chronegk.lra-sm.de\/index.php?rest_route=%2Fwp%2Fv2%2Fmedia&parent=543"}],"curies":[{"name":"wp","href":"https:\/\/api.w.org\/{rel}","templated":true}]}}