{"id":414,"date":"2016-05-02T11:06:24","date_gmt":"2016-05-02T11:06:24","guid":{"rendered":"http:\/\/grundschule-ludwig-chronegk.lra-sm.de\/?page_id=414"},"modified":"2020-09-19T21:58:17","modified_gmt":"2020-09-19T21:58:17","slug":"foerderkonzept","status":"publish","type":"page","link":"https:\/\/grundschule-ludwig-chronegk.lra-sm.de\/?page_id=414","title":{"rendered":"F\u00f6rderkonzept"},"content":{"rendered":"<p><strong><u>Das F\u00f6rderkonzept der Schule<\/u><\/strong><\/p>\n<p>Gliederung:<\/p>\n<ol>\n<li>Vorwort, Zielstellung<\/li>\n<li><a href=\"http:\/\/grundschule-ludwig-chronegk.de\/index.php\/foerderkonzept#Partner\"><span style=\"color: #000000;\">Partner<\/span><\/a><\/li>\n<li><a href=\"http:\/\/grundschule-ludwig-chronegk.de\/index.php\/foerderkonzept#Erg\u00e4nzungen\"><span style=\"color: #000000;\">Erg\u00e4nzungen<\/span><\/a><\/li>\n<\/ol>\n<p><strong><u>1. Vorwort und Zielstellung<\/u><\/strong><\/p>\n<p>Jedes Kind \u00a0lernt anders und kann etwas anderes.<br \/>\nZiel und Aufgabe der Grundschule ist es deshalb, jeden einzelnen Sch\u00fcler und jede Sch\u00fclerin (im weiteren Verlauf nur Sch\u00fcler genannt) unter Ber\u00fccksichtigung seiner\/ihrer individuellen Voraussetzungen und Besonderheiten bestm\u00f6glich und umfassend zu f\u00f6rdern, zu fordern und so gut wie m\u00f6glich auf das erfolgreiche Lernen in den nachfolgenden Schularten vorzubereiten.<\/p>\n<p>Um den Kindern als verschiedenen Lerntypen, mit ihren unterschiedlichen F\u00e4higkeiten und Fertigkeiten gerecht zu werden, bedarf es Angebote zur F\u00f6rderung.<\/p>\n<p>Diese ber\u00fccksichtigen neben der Reduzierung von Defiziten beim Lernen in den Bereichen Deutsch und Mathematik zunehmend auch die F\u00f6rderung kognitiver, praktischer und sozialer F\u00e4higkeiten. Auch Kinder mit besonderen Begabungen und Talenten verdienen eine angemessene und anspruchsvolle F\u00f6rderung ihrer F\u00e4higkeiten.<\/p>\n<p>Voraussetzung f\u00fcr das erfolgreiche Erf\u00fcllen dieser Aufgaben ist, dass wir m\u00f6glichst fr\u00fchzeitig die individuellen St\u00e4rken und Schw\u00e4chen der Kinder herausfinden sowie die Ursachen f\u00fcr ihre Lernschwierigkeiten erkennen und analysieren. Erst dann ist es m\u00f6glich, sie da abholen, wo sie stehen, sie zu begleiten und n\u00f6tige Forder- und F\u00f6rderma\u00dfnahmen einzuleiten.<\/p>\n<p>Sch\u00fclern, die Probleme beim Lernen \u00a0haben, helfen wir mit den uns zur Verf\u00fcgung stehenden p\u00e4dagogischen, didaktischen und methodischen M\u00f6glichkeiten im und au\u00dferhalb des Unterrichts.<\/p>\n<p>Die individuelle F\u00f6rderung findet an unserer Schule schwerpunktm\u00e4\u00dfig im Rahmen der inneren Differenzierung in Arbeitsphasen des Unterrichts statt, in denen die Sch\u00fcler allein oder in Gruppen arbeiten. Diese erfolgt quantitativ und qualitativ, betreffend der Anschauung, der Methodik, der Art der Hilfestellung, des Umfangs und Lernniveaus der Aufgaben aber auch der individuellen An- und Entspannungsphasen. Sie bietet sich in offenen Unterrichtsformen genauso an wie im Anschluss an den frontal gestalteten Unterricht.<\/p>\n<p>Grundlage dieser Arbeit \u00a0ist der vom Klassenleiter, gegebenenfalls in gemeinsamer Zusammenarbeit mit dem Fachlehrer, erarbeitete F\u00f6rderplan. Er weist den vorrangigen F\u00f6rderbedarf, St\u00e4rken und Schw\u00e4chen des Sch\u00fclers und beobachtete Selbstwahrnehmungen aus. Die Art und Weise der F\u00f6rderung wird hinsichtlich verschiedener \u00dcbungsformen und entsprechender Ergebnisse in Ma\u00dfnahmepl\u00e4nen dokumentiert. Die Eltern werden von der Anfertigung des F\u00f6rderplanes informiert und einbezogen.<\/p>\n<p>Sch\u00fcler mit sonderp\u00e4dagogischem F\u00f6rderbedarf werden vorrangig im gemeinsamen Unterricht, bei Bedarf jedoch auch einzeln, von einem Sonderp\u00e4dagogen des Mobilen Sonderp\u00e4dagogischen Dienstes (MSD) betreut. Dieser arbeitet eng mit dem Beratungslehrer der Schule und den Klassenleitern zusammen. Im Verlauf der F\u00f6rderung kann sich ein F\u00f6rderbedarf herausstellen, der von der Grundschule nicht optimal geleistet werden kann. Gemeinsame Beratungen von P\u00e4dagogen k\u00f6nnen dann zu dem Ergebnis kommen, dass eine Beschulung in einer F\u00f6rderschule mit jeweiligem Schwerpunkt ein erfolgreicheres Lernen sichern w\u00fcrde. Das Einverst\u00e4ndnis der Eltern vorausgesetzt, erstellt dann der MSD ein sonderp\u00e4dagogisches Gutachten als Voraussetzung f\u00fcr eine solche Umschulung.<\/p>\n<p>Sch\u00fcler mit besonderen Neigungen und Begabungen, die ihren Lernstoff sehr schnell und umfassend bew\u00e4ltigen, bieten wir zus\u00e4tzliche Lernanreize und Gestaltungsm\u00f6glichkeiten an. Sie haben die M\u00f6glichkeit, individuelle Zeiten zur Vertiefung des Erlernten, z.B. mit Hilfe von Lexika, oder ihren Interessen entsprechend,\u00a0 f\u00fcr zus\u00e4tzliche Lernangebote mit h\u00f6herem Anforderungsniveau zu nutzen.<\/p>\n<p>M\u00f6glichkeiten bieten sich hier besonders im Rahmen der Wochenplanarbeit an, aber auch als Forscheraufgaben oder die Gestaltung von Plakaten zu verschiedenen Themen.<\/p>\n<p>Weiterhin bem\u00fchen wir uns, besonders leistungsstarke Kinder oder solche mit besonderen Interessen zur Teilnahme an schulischen und regionalen Wettbewerben oder dem Besuch des Bildungscamps zu motivieren. Als besonders anspruchsvoll und gern besucht haben sich hierbei erwiesen:<\/p>\n<ul>\n<li>Ermittlung des Lesek\u00f6nig<\/li>\n<li>K\u00e4nguru- Mathematikolympiade<\/li>\n<li>Begabtenf\u00f6rderung Mathematik<\/li>\n<li>Bildungscamp Christes<\/li>\n<\/ul>\n<p><strong><u>2<\/u><u>.<\/u><u>\u00a0Partner<\/u><\/strong><\/p>\n<p>In erster Linie bem\u00fchen wir uns stets, ein vertrauensvolles Verh\u00e4ltnis zu den Elternh\u00e4usern aufzubauen. Nur bei konsequenter und ehrlicher Zusammenarbeit mit den Eltern sind langfristige Erfolge erreichbar. Wir k\u00f6nnen nur dann dem Kind die F\u00f6rderung zukommen lassen, die es ben\u00f6tigt, wenn es die Unterst\u00fctzung von Eltern und Schule erf\u00e4hrt.<\/p>\n<p>Dabei geht es nicht um die Belehrung der Eltern, sondern darum, ihnen Zuspruch, Mut oder Tipps f\u00fcr die eigene Erziehungsarbeit zu geben, Unsicherheiten zu kl\u00e4ren und mit ihnen gemeinsamen entsprechende Hilfs- und Ma\u00dfnahmepl\u00e4ne zu erarbeiten. Wenn die eigenen M\u00f6glichkeiten die\u00a0 die Schule hat, nicht ausreichen, werden die Eltern \u00fcber vielf\u00e4ltige Unterst\u00fctzungsm\u00f6glichkeiten au\u00dferhalb dieser umfassend informiert.<\/p>\n<p>Weiterhin arbeiten wir mit Einrichtungen und Vereinen zusammen, die die Sch\u00fcler in ihrer Freizeit besuchen. Es hat sich erwiesen, dass besonders bei Kindern, die kurzzeitig Lern- oder Verhaltensauff\u00e4lligkeiten zeigen, nach Absprache mit den Eltern ein vertrauliches Gespr\u00e4ch mit Trainern der Sportvereine strategisch sehr erfolgreich sein kann. Sie sind in der Regel Vertrauenspersonen f\u00fcr die Kinder, deren Einfluss auf soziales und Lernverhalten meist nicht zu untersch\u00e4tzen ist.<\/p>\n<p>Die Trainer unterst\u00fctzen unsere Arbeit auch indirekt, da sie die Sch\u00fcler bei einer Besch\u00e4ftigung begleiten, die ihnen Freude bereitet und bei der sie Ehrgeiz zeigen, der sich oft auch auf den Schulalltag \u00fcbertr\u00e4gt.<\/p>\n<p><strong><u>3. Erg\u00e4nzungen<\/u><\/strong><\/p>\n<p>Weitere Ma\u00dfnahmen zur F\u00f6rderung der Sch\u00fcler erfolgen laufend und planm\u00e4\u00dfig im Schuljahr<\/p>\n<ul>\n<li>Aufsicht in der \u201ePalaverecke\u201c<br \/>\nF\u00f6rderung der sozialen Kompetenz und der \u00dcbernahme von Verantwortung, alle Sch\u00fcler der Klassen\u00a0 4<\/li>\n<li>\u00a0Verantw.: Klassenleiter\/ 14-t\u00e4giger Wechsel<\/li>\n<li>Hofpause<br \/>\nF\u00f6rderung der sozialen Kompetenz und der \u00dcbernahme von Verantwortung, alle Sch\u00fcler der Klassen 4<br \/>\nVerantw.: Klassenleiter\/ Wechsel nach Absprache<\/li>\n<\/ul>\n<p>&nbsp;<\/p>\n<p>Unabh\u00e4ngig von den genannten aufgelisteten Ma\u00dfnahmen der F\u00f6rderung und Forderung unserer Sch\u00fcler bieten wir ihnen im t\u00e4glichen Schulleben h\u00e4ufig Anregungen, Interessen zu entdecken oder nachzugehen. Dies geschieht teilweise im Rahmen des Unterrichts, wo ihnen die M\u00f6glichkeit einger\u00e4umt wird, sich zu selbst gew\u00e4hlten Themen innerhalb eines gegebenen Rahmens vorzubereiten und zu \u00e4u\u00dfern, aber auch v\u00f6llig frei \u00fcber Themen zu sprechen, die sie beeindrucken.<\/p>\n<p>Im Rahmen des HSK- oder Ethikunterrichts regen wir die Sch\u00fcler an, sich altersgem\u00e4\u00df auch mit geschichtlichen oder politischen Themen auseinanderzusetzen, sich weiter zu informieren und vorhandene Kenntnisse zu vertiefen.<\/p>\n<p>Innerhalb des Deutsch- und Mathematikunterrichts bezieht sich diese Form der immanenten F\u00f6rderung auf das Wecken von Neugier auf Kinderliteratur, das Knobeln und \u201e Mehr- wissen- wollen\u201c.<\/p>\n<p>Musisch interessierte Sch\u00fcler beteiligen sich an der Gestaltung kleiner Programme zu verschiedenen H\u00f6hepunkten unserer Schule, aber auch Kinder mit wenig Selbstvertrauen bekommen die M\u00f6glichkeit, ihre Scheu zu \u00fcberwinden und zu diesen Anl\u00e4ssen ihren Beitrag zu leisten.<\/p>\n<p>Wir geben unseren Kindern M\u00f6glichkeiten, sich in Phasen der Anstrengung beim Lernen kurzfristig zu entspannen, indem wir ihnen besonders in Klasse 1 und 2 Entspannungsspiele oder \u201eTraumreisen\u201c anbieten, aber auch Bewegungsspiele, um gerade beim Schreiben lernen die Muskulatur zu lockern. In den Klassen 3 und 4 d\u00fcrfen sich die Sch\u00fcler in Phasen der Freiarbeit \u201eAuszeiten\u201c nehmen und zur Entspannung individuell besch\u00e4ftigen, z.B. mit einem Buch, Mandala oder R\u00e4tseln; es ist aber auch m\u00f6glich, einfach mal nichts zu tun.<\/p>\n<p>Viele Sch\u00fcler unserer Schule ben\u00f6tigen keine besondere F\u00f6rderung, um erfolgreich zu lernen; oft gen\u00fcgt ein aufmunterndes Wort oder eine tr\u00f6stende Geste, wenn akut kleine Probleme auftauchen und es beim Lernen nicht wie gew\u00fcnscht vorw\u00e4rts geht. Auch die Unterst\u00fctzung anderer Kinder wird dann gern angenommen und erweist sich h\u00e4ufig als erfolgreich.<\/p>\n<p>&nbsp;<\/p>\n","protected":false},"excerpt":{"rendered":"<p>Das F\u00f6rderkonzept der Schule Gliederung: Vorwort, Zielstellung Partner Erg\u00e4nzungen 1. Vorwort und Zielstellung Jedes Kind \u00a0lernt anders und kann etwas anderes. Ziel und Aufgabe der Grundschule ist es deshalb, jeden einzelnen Sch\u00fcler und jede Sch\u00fclerin (im weiteren Verlauf nur Sch\u00fcler genannt) unter Ber\u00fccksichtigung seiner\/ihrer individuellen Voraussetzungen und Besonderheiten bestm\u00f6glich und umfassend zu f\u00f6rdern, zu fordern &hellip; <\/p>\n<p><a class=\"more-link btn\" href=\"https:\/\/grundschule-ludwig-chronegk.lra-sm.de\/?page_id=414\">Weiterlesen<\/a><\/p>\n","protected":false},"author":8,"featured_media":0,"parent":401,"menu_order":4,"comment_status":"closed","ping_status":"closed","template":"","meta":{"footnotes":"","_links_to":"","_links_to_target":""},"_links":{"self":[{"href":"https:\/\/grundschule-ludwig-chronegk.lra-sm.de\/index.php?rest_route=\/wp\/v2\/pages\/414"}],"collection":[{"href":"https:\/\/grundschule-ludwig-chronegk.lra-sm.de\/index.php?rest_route=\/wp\/v2\/pages"}],"about":[{"href":"https:\/\/grundschule-ludwig-chronegk.lra-sm.de\/index.php?rest_route=\/wp\/v2\/types\/page"}],"author":[{"embeddable":true,"href":"https:\/\/grundschule-ludwig-chronegk.lra-sm.de\/index.php?rest_route=\/wp\/v2\/users\/8"}],"replies":[{"embeddable":true,"href":"https:\/\/grundschule-ludwig-chronegk.lra-sm.de\/index.php?rest_route=%2Fwp%2Fv2%2Fcomments&post=414"}],"version-history":[{"count":0,"href":"https:\/\/grundschule-ludwig-chronegk.lra-sm.de\/index.php?rest_route=\/wp\/v2\/pages\/414\/revisions"}],"up":[{"embeddable":true,"href":"https:\/\/grundschule-ludwig-chronegk.lra-sm.de\/index.php?rest_route=\/wp\/v2\/pages\/401"}],"wp:attachment":[{"href":"https:\/\/grundschule-ludwig-chronegk.lra-sm.de\/index.php?rest_route=%2Fwp%2Fv2%2Fmedia&parent=414"}],"curies":[{"name":"wp","href":"https:\/\/api.w.org\/{rel}","templated":true}]}}